{"id":2003,"date":"2020-01-26T23:00:46","date_gmt":"2020-01-26T23:00:46","guid":{"rendered":"http:\/\/pro-bit.si\/?page_id=2003"},"modified":"2022-07-28T14:14:46","modified_gmt":"2022-07-28T12:14:46","slug":"izjava-o-varstvu-osebnih-podatkov","status":"publish","type":"page","link":"https:\/\/pro-bit.biz\/en\/izjava-o-varstvu-osebnih-podatkov\/","title":{"rendered":"PERSONAL DATA PROTECTION STATEMENT"},"content":{"rendered":"<div data-elementor-type=\"wp-page\" data-elementor-id=\"2003\" class=\"elementor elementor-2003\">\n\t\t\t\t\t\t<section class=\"elementor-section elementor-top-section elementor-element elementor-element-da4da10 elementor-section-full_width elementor-section-height-min-height elementor-section-height-default elementor-section-items-middle\" data-id=\"da4da10\" data-element_type=\"section\" data-settings=\"{&quot;background_background&quot;:&quot;classic&quot;,&quot;shape_divider_bottom&quot;:&quot;waves&quot;}\">\n\t\t\t\t\t<div class=\"elementor-shape elementor-shape-bottom\" data-negative=\"false\">\n\t\t\t<svg xmlns=\"http:\/\/www.w3.org\/2000\/svg\" viewbox=\"0 0 1000 100\" preserveaspectratio=\"none\">\n\t<path class=\"elementor-shape-fill\" d=\"M421.9,6.5c22.6-2.5,51.5,0.4,75.5,5.3c23.6,4.9,70.9,23.5,100.5,35.7c75.8,32.2,133.7,44.5,192.6,49.7\tc23.6,2.1,48.7,3.5,103.4-2.5c54.7-6,106.2-25.6,106.2-25.6V0H0v30.3c0,0,72,32.6,158.4,30.5c39.2-0.7,92.8-6.7,134-22.4\tc21.2-8.1,52.2-18.2,79.7-24.2C399.3,7.9,411.6,7.5,421.9,6.5z\"\/>\n<\/svg>\t\t<\/div>\n\t\t\t\t\t<div class=\"elementor-container elementor-column-gap-default\">\n\t\t\t\t\t<div class=\"elementor-column elementor-col-100 elementor-top-column elementor-element elementor-element-344ca13\" data-id=\"344ca13\" data-element_type=\"column\">\n\t\t\t<div class=\"elementor-widget-wrap elementor-element-populated\">\n\t\t\t\t\t\t<div class=\"elementor-element elementor-element-e776f47 elementor-view-default elementor-widget elementor-widget-icon\" data-id=\"e776f47\" data-element_type=\"widget\" data-widget_type=\"icon.default\">\n\t\t\t\t<div class=\"elementor-widget-container\">\n\t\t\t\t\t<div class=\"elementor-icon-wrapper\">\n\t\t\t<div class=\"elementor-icon\">\n\t\t\t<i aria-hidden=\"true\" class=\"far fa-handshake\"><\/i>\t\t\t<\/div>\n\t\t<\/div>\n\t\t\t\t<\/div>\n\t\t\t\t<\/div>\n\t\t\t\t<div class=\"elementor-element elementor-element-b84a499 elementor-widget elementor-widget-heading\" data-id=\"b84a499\" data-element_type=\"widget\" data-widget_type=\"heading.default\">\n\t\t\t\t<div class=\"elementor-widget-container\">\n\t\t\t<h2 class=\"elementor-heading-title elementor-size-default\">Personal data protection statement<\/h2>\t\t<\/div>\n\t\t\t\t<\/div>\n\t\t\t\t\t<\/div>\n\t\t<\/div>\n\t\t\t\t\t<\/div>\n\t\t<\/section>\n\t\t\t\t<section class=\"elementor-section elementor-top-section elementor-element elementor-element-a0ddf9a elementor-section-boxed elementor-section-height-default elementor-section-height-default\" data-id=\"a0ddf9a\" data-element_type=\"section\">\n\t\t\t\t\t\t<div class=\"elementor-container elementor-column-gap-default\">\n\t\t\t\t\t<div class=\"elementor-column elementor-col-100 elementor-top-column elementor-element elementor-element-487ca80\" data-id=\"487ca80\" data-element_type=\"column\">\n\t\t\t<div class=\"elementor-widget-wrap\">\n\t\t\t\t\t\t\t<\/div>\n\t\t<\/div>\n\t\t\t\t\t<\/div>\n\t\t<\/section>\n\t\t\t\t<section class=\"elementor-section elementor-top-section elementor-element elementor-element-f12eb6e elementor-section-boxed elementor-section-height-default elementor-section-height-default\" data-id=\"f12eb6e\" data-element_type=\"section\">\n\t\t\t\t\t\t<div class=\"elementor-container elementor-column-gap-default\">\n\t\t\t\t\t<div class=\"elementor-column elementor-col-25 elementor-top-column elementor-element elementor-element-643eb7f\" data-id=\"643eb7f\" data-element_type=\"column\">\n\t\t\t<div class=\"elementor-widget-wrap\">\n\t\t\t\t\t\t\t<\/div>\n\t\t<\/div>\n\t\t\t\t<div class=\"elementor-column elementor-col-50 elementor-top-column elementor-element elementor-element-177dbd0\" data-id=\"177dbd0\" data-element_type=\"column\">\n\t\t\t<div class=\"elementor-widget-wrap elementor-element-populated\">\n\t\t\t\t\t\t<div class=\"elementor-element elementor-element-9a97c4c elementor-widget elementor-widget-text-editor\" data-id=\"9a97c4c\" data-element_type=\"widget\" data-widget_type=\"text-editor.default\">\n\t\t\t\t<div class=\"elementor-widget-container\">\n\t\t\t\t\t\t\t<!-- wp:paragraph -->\n<p>By registering, I allow the company PRO-BIT programska oprema d.o.o. (hereinafter referred to as PRO-BIT d.o.o.) to process the submitted personal data in accordance with the General Data Protection Regulation (Regulation (EU) 2016\/670 of the European Parliament and of the Council of 27 April 2016 on the protection of individuals with regard to the processing of personal data and on the free movement of such data and repealing the Directive 95\/46\/EC, hereinafter referred to as: GDPR). Learn more about the Terms and Conditions and personal data protection here. <a href=\"https:\/\/pro-bit.si\/\/index.php\/pogoji-poslovanja-in-varstvo-osebnih-podatkov\/\" target=\"_blank\" rel=\"noopener\"><strong>tukaj<\/strong>.<\/a><\/p>\n<!-- \/wp:paragraph -->\t\t\t\t\t\t<\/div>\n\t\t\t\t<\/div>\n\t\t\t\t\t<\/div>\n\t\t<\/div>\n\t\t\t\t<div class=\"elementor-column elementor-col-25 elementor-top-column elementor-element elementor-element-f8e2cf1\" data-id=\"f8e2cf1\" data-element_type=\"column\">\n\t\t\t<div class=\"elementor-widget-wrap\">\n\t\t\t\t\t\t\t<\/div>\n\t\t<\/div>\n\t\t\t\t\t<\/div>\n\t\t<\/section>\n\t\t\t\t<\/div>","protected":false},"excerpt":{"rendered":"<p>Izjava o varstvu osebnih podatkov S prijavo dovoljujem dru\u017ebi PRO-BIT programska oprema d.o.o. (v nadaljevanju PRO-BIT d.o.o.) obdelovanje posredovanih osebnih podatkov v skladu z Uredbo GDPR (Uredba (EU) 2016\/679 Evropskega [&hellip;]<\/p>","protected":false},"author":1,"featured_media":0,"parent":0,"menu_order":0,"comment_status":"closed","ping_status":"closed","template":"elementor_header_footer","meta":{"inline_featured_image":false,"_price":"","_stock":"","_tribe_ticket_header":"","_tribe_default_ticket_provider":"","_tribe_ticket_capacity":"0","_ticket_start_date":"","_ticket_end_date":"","_tribe_ticket_show_description":"","_tribe_ticket_show_not_going":false,"_tribe_ticket_use_global_stock":"","_tribe_ticket_global_stock_level":"","_global_stock_mode":"","_global_stock_cap":"","_tribe_rsvp_for_event":"","_tribe_ticket_going_count":"","_tribe_ticket_not_going_count":"","_tribe_tickets_list":"[]","_tribe_ticket_has_attendee_info_fields":false,"_EventAllDay":false,"_EventTimezone":"","_EventStartDate":"","_EventEndDate":"","_EventStartDateUTC":"","_EventEndDateUTC":"","_EventShowMap":false,"_EventShowMapLink":false,"_EventURL":"","_EventCost":"","_EventCostDescription":"","_EventCurrencySymbol":"","_EventCurrencyCode":"","_EventCurrencyPosition":"","_EventDateTimeSeparator":"","_EventTimeRangeSeparator":"","_EventOrganizerID":[],"_EventVenueID":[],"_OrganizerEmail":"","_OrganizerPhone":"","_OrganizerWebsite":"","_VenueAddress":"","_VenueCity":"","_VenueCountry":"","_VenueProvince":"","_VenueState":"","_VenueZip":"","_VenuePhone":"","_VenueURL":"","_VenueStateProvince":"","_VenueLat":"","_VenueLng":"","_VenueShowMap":false,"_VenueShowMapLink":false,"ocean_post_layout":"","ocean_both_sidebars_style":"","ocean_both_sidebars_content_width":0,"ocean_both_sidebars_sidebars_width":0,"ocean_sidebar":"","ocean_second_sidebar":"","ocean_disable_margins":"enable","ocean_add_body_class":"","ocean_shortcode_before_top_bar":"","ocean_shortcode_after_top_bar":"","ocean_shortcode_before_header":"","ocean_shortcode_after_header":"","ocean_has_shortcode":"","ocean_shortcode_after_title":"","ocean_shortcode_before_footer_widgets":"","ocean_shortcode_after_footer_widgets":"","ocean_shortcode_before_footer_bottom":"","ocean_shortcode_after_footer_bottom":"","ocean_display_top_bar":"default","ocean_display_header":"default","ocean_header_style":"","ocean_center_header_left_menu":"","ocean_custom_header_template":"","ocean_custom_logo":0,"ocean_custom_retina_logo":0,"ocean_custom_logo_max_width":0,"ocean_custom_logo_tablet_max_width":0,"ocean_custom_logo_mobile_max_width":0,"ocean_custom_logo_max_height":0,"ocean_custom_logo_tablet_max_height":0,"ocean_custom_logo_mobile_max_height":0,"ocean_header_custom_menu":"","ocean_menu_typo_font_family":"","ocean_menu_typo_font_subset":"","ocean_menu_typo_font_size":0,"ocean_menu_typo_font_size_tablet":0,"ocean_menu_typo_font_size_mobile":0,"ocean_menu_typo_font_size_unit":"px","ocean_menu_typo_font_weight":"","ocean_menu_typo_font_weight_tablet":"","ocean_menu_typo_font_weight_mobile":"","ocean_menu_typo_transform":"","ocean_menu_typo_transform_tablet":"","ocean_menu_typo_transform_mobile":"","ocean_menu_typo_line_height":0,"ocean_menu_typo_line_height_tablet":0,"ocean_menu_typo_line_height_mobile":0,"ocean_menu_typo_line_height_unit":"","ocean_menu_typo_spacing":0,"ocean_menu_typo_spacing_tablet":0,"ocean_menu_typo_spacing_mobile":0,"ocean_menu_typo_spacing_unit":"","ocean_menu_link_color":"","ocean_menu_link_color_hover":"","ocean_menu_link_color_active":"","ocean_menu_link_background":"","ocean_menu_link_hover_background":"","ocean_menu_link_active_background":"","ocean_menu_social_links_bg":"","ocean_menu_social_hover_links_bg":"","ocean_menu_social_links_color":"","ocean_menu_social_hover_links_color":"","ocean_disable_title":"default","ocean_disable_heading":"default","ocean_post_title":"","ocean_post_subheading":"","ocean_post_title_style":"","ocean_post_title_background_color":"","ocean_post_title_background":0,"ocean_post_title_bg_image_position":"","ocean_post_title_bg_image_attachment":"","ocean_post_title_bg_image_repeat":"","ocean_post_title_bg_image_size":"","ocean_post_title_height":0,"ocean_post_title_bg_overlay":0.5,"ocean_post_title_bg_overlay_color":"","ocean_disable_breadcrumbs":"default","ocean_breadcrumbs_color":"","ocean_breadcrumbs_separator_color":"","ocean_breadcrumbs_links_color":"","ocean_breadcrumbs_links_hover_color":"","ocean_display_footer_widgets":"default","ocean_display_footer_bottom":"default","ocean_custom_footer_template":"","footnotes":""},"yoast_head":"<!-- This site is optimized with the Yoast SEO plugin v22.8 - https:\/\/yoast.com\/wordpress\/plugins\/seo\/ -->\n<title>IZJAVA O VARSTVU OSEBNIH PODATKOV - Pro-Bit Beograd d.o.o. - RE\u0160ENJA, KOJA RASTU SA VAMA<\/title>\n<meta name=\"robots\" content=\"index, follow, max-snippet:-1, max-image-preview:large, max-video-preview:-1\" \/>\n<link rel=\"canonical\" href=\"https:\/\/pro-bit.biz\/en\/izjava-o-varstvu-osebnih-podatkov\/\" \/>\n<meta property=\"og:locale\" content=\"en_GB\" \/>\n<meta property=\"og:type\" content=\"article\" \/>\n<meta property=\"og:title\" content=\"IZJAVA O VARSTVU OSEBNIH PODATKOV - Pro-Bit Beograd d.o.o. - RE\u0160ENJA, KOJA RASTU SA VAMA\" \/>\n<meta property=\"og:description\" content=\"Izjava o varstvu osebnih podatkov S prijavo dovoljujem dru\u017ebi PRO-BIT programska oprema d.o.o. (v nadaljevanju PRO-BIT d.o.o.) obdelovanje posredovanih osebnih podatkov v skladu z Uredbo GDPR (Uredba (EU) 2016\/679 Evropskega [&hellip;]\" \/>\n<meta property=\"og:url\" content=\"https:\/\/pro-bit.biz\/en\/izjava-o-varstvu-osebnih-podatkov\/\" \/>\n<meta property=\"og:site_name\" content=\"Pro-Bit Beograd d.o.o. - RE\u0160ENJA, KOJA RASTU SA VAMA\" \/>\n<meta property=\"article:publisher\" content=\"https:\/\/www.facebook.com\/Probit2020\/\" \/>\n<meta property=\"article:modified_time\" content=\"2022-07-28T12:14:46+00:00\" \/>\n<meta name=\"twitter:card\" content=\"summary_large_image\" \/>\n<meta name=\"twitter:label1\" content=\"Estimated reading time\" \/>\n\t<meta name=\"twitter:data1\" content=\"1 minute\" \/>\n<script type=\"application\/ld+json\" class=\"yoast-schema-graph\">{\"@context\":\"https:\/\/schema.org\",\"@graph\":[{\"@type\":\"WebPage\",\"@id\":\"https:\/\/pro-bit.biz\/izjava-o-varstvu-osebnih-podatkov\/\",\"url\":\"https:\/\/pro-bit.biz\/izjava-o-varstvu-osebnih-podatkov\/\",\"name\":\"IZJAVA O VARSTVU OSEBNIH PODATKOV - Pro-Bit Beograd d.o.o. - RE\u0160ENJA, KOJA RASTU SA VAMA\",\"isPartOf\":{\"@id\":\"https:\/\/pro-bit.biz\/sr\/#website\"},\"datePublished\":\"2020-01-26T23:00:46+00:00\",\"dateModified\":\"2022-07-28T12:14:46+00:00\",\"breadcrumb\":{\"@id\":\"https:\/\/pro-bit.biz\/izjava-o-varstvu-osebnih-podatkov\/#breadcrumb\"},\"inLanguage\":\"en-GB\",\"potentialAction\":[{\"@type\":\"ReadAction\",\"target\":[\"https:\/\/pro-bit.biz\/izjava-o-varstvu-osebnih-podatkov\/\"]}]},{\"@type\":\"BreadcrumbList\",\"@id\":\"https:\/\/pro-bit.biz\/izjava-o-varstvu-osebnih-podatkov\/#breadcrumb\",\"itemListElement\":[{\"@type\":\"ListItem\",\"position\":1,\"name\":\"Home\",\"item\":\"https:\/\/pro-bit.biz\/\"},{\"@type\":\"ListItem\",\"position\":2,\"name\":\"IZJAVA O VARSTVU OSEBNIH PODATKOV\"}]},{\"@type\":\"WebSite\",\"@id\":\"https:\/\/pro-bit.biz\/sr\/#website\",\"url\":\"https:\/\/pro-bit.biz\/sr\/\",\"name\":\"Pro-Bit\",\"description\":\"U preduze\u0107u Pro-bit Beograd d.o.o. bavimo se celovitim re\u0161enjima na polju informatike. Na\u0161a ponuda uklju\u010duje sve potrebno za izgradnju celovitih informacionih sistema.\",\"publisher\":{\"@id\":\"https:\/\/pro-bit.biz\/sr\/#organization\"},\"potentialAction\":[{\"@type\":\"SearchAction\",\"target\":{\"@type\":\"EntryPoint\",\"urlTemplate\":\"https:\/\/pro-bit.biz\/sr\/?s={search_term_string}\"},\"query-input\":\"required name=search_term_string\"}],\"inLanguage\":\"en-GB\"},{\"@type\":\"Organization\",\"@id\":\"https:\/\/pro-bit.biz\/sr\/#organization\",\"name\":\"Pro-Bit\",\"url\":\"https:\/\/pro-bit.biz\/sr\/\",\"logo\":{\"@type\":\"ImageObject\",\"inLanguage\":\"en-GB\",\"@id\":\"https:\/\/pro-bit.biz\/sr\/#\/schema\/logo\/image\/\",\"url\":\"https:\/\/dev.pro-bit.biz\/wp-content\/uploads\/2020\/05\/faviconpb2.png\",\"contentUrl\":\"https:\/\/dev.pro-bit.biz\/wp-content\/uploads\/2020\/05\/faviconpb2.png\",\"width\":512,\"height\":512,\"caption\":\"Pro-Bit\"},\"image\":{\"@id\":\"https:\/\/pro-bit.biz\/sr\/#\/schema\/logo\/image\/\"},\"sameAs\":[\"https:\/\/www.facebook.com\/Probit2020\/\",\"https:\/\/www.linkedin.com\/company\/pro-bit-programska-oprema-d-o-o-\/\"]}]}<\/script>\n<!-- \/ Yoast SEO plugin. -->","yoast_head_json":{"title":"IZJAVA O VARSTVU OSEBNIH PODATKOV - Pro-Bit Beograd d.o.o. - RE\u0160ENJA, KOJA RASTU SA VAMA","robots":{"index":"index","follow":"follow","max-snippet":"max-snippet:-1","max-image-preview":"max-image-preview:large","max-video-preview":"max-video-preview:-1"},"canonical":"https:\/\/pro-bit.biz\/en\/izjava-o-varstvu-osebnih-podatkov\/","og_locale":"en_GB","og_type":"article","og_title":"IZJAVA O VARSTVU OSEBNIH PODATKOV - Pro-Bit Beograd d.o.o. - RE\u0160ENJA, KOJA RASTU SA VAMA","og_description":"Izjava o varstvu osebnih podatkov S prijavo dovoljujem dru\u017ebi PRO-BIT programska oprema d.o.o. (v nadaljevanju PRO-BIT d.o.o.) obdelovanje posredovanih osebnih podatkov v skladu z Uredbo GDPR (Uredba (EU) 2016\/679 Evropskega [&hellip;]","og_url":"https:\/\/pro-bit.biz\/en\/izjava-o-varstvu-osebnih-podatkov\/","og_site_name":"Pro-Bit Beograd d.o.o. - RE\u0160ENJA, KOJA RASTU SA VAMA","article_publisher":"https:\/\/www.facebook.com\/Probit2020\/","article_modified_time":"2022-07-28T12:14:46+00:00","twitter_card":"summary_large_image","twitter_misc":{"Estimated reading time":"1 minute"},"schema":{"@context":"https:\/\/schema.org","@graph":[{"@type":"WebPage","@id":"https:\/\/pro-bit.biz\/izjava-o-varstvu-osebnih-podatkov\/","url":"https:\/\/pro-bit.biz\/izjava-o-varstvu-osebnih-podatkov\/","name":"IZJAVA O VARSTVU OSEBNIH PODATKOV - Pro-Bit Beograd d.o.o. - RE\u0160ENJA, KOJA RASTU SA VAMA","isPartOf":{"@id":"https:\/\/pro-bit.biz\/sr\/#website"},"datePublished":"2020-01-26T23:00:46+00:00","dateModified":"2022-07-28T12:14:46+00:00","breadcrumb":{"@id":"https:\/\/pro-bit.biz\/izjava-o-varstvu-osebnih-podatkov\/#breadcrumb"},"inLanguage":"en-GB","potentialAction":[{"@type":"ReadAction","target":["https:\/\/pro-bit.biz\/izjava-o-varstvu-osebnih-podatkov\/"]}]},{"@type":"BreadcrumbList","@id":"https:\/\/pro-bit.biz\/izjava-o-varstvu-osebnih-podatkov\/#breadcrumb","itemListElement":[{"@type":"ListItem","position":1,"name":"Home","item":"https:\/\/pro-bit.biz\/"},{"@type":"ListItem","position":2,"name":"IZJAVA O VARSTVU OSEBNIH PODATKOV"}]},{"@type":"WebSite","@id":"https:\/\/pro-bit.biz\/sr\/#website","url":"https:\/\/pro-bit.biz\/sr\/","name":"Pro-Bit","description":"U preduze\u0107u Pro-bit Beograd d.o.o. bavimo se celovitim re\u0161enjima na polju informatike. Na\u0161a ponuda uklju\u010duje sve potrebno za izgradnju celovitih informacionih sistema.","publisher":{"@id":"https:\/\/pro-bit.biz\/sr\/#organization"},"potentialAction":[{"@type":"SearchAction","target":{"@type":"EntryPoint","urlTemplate":"https:\/\/pro-bit.biz\/sr\/?s={search_term_string}"},"query-input":"required name=search_term_string"}],"inLanguage":"en-GB"},{"@type":"Organization","@id":"https:\/\/pro-bit.biz\/sr\/#organization","name":"Pro-Bit","url":"https:\/\/pro-bit.biz\/sr\/","logo":{"@type":"ImageObject","inLanguage":"en-GB","@id":"https:\/\/pro-bit.biz\/sr\/#\/schema\/logo\/image\/","url":"https:\/\/dev.pro-bit.biz\/wp-content\/uploads\/2020\/05\/faviconpb2.png","contentUrl":"https:\/\/dev.pro-bit.biz\/wp-content\/uploads\/2020\/05\/faviconpb2.png","width":512,"height":512,"caption":"Pro-Bit"},"image":{"@id":"https:\/\/pro-bit.biz\/sr\/#\/schema\/logo\/image\/"},"sameAs":["https:\/\/www.facebook.com\/Probit2020\/","https:\/\/www.linkedin.com\/company\/pro-bit-programska-oprema-d-o-o-\/"]}]}},"ticketed":false,"_links":{"self":[{"href":"https:\/\/pro-bit.biz\/en\/wp-json\/wp\/v2\/pages\/2003"}],"collection":[{"href":"https:\/\/pro-bit.biz\/en\/wp-json\/wp\/v2\/pages"}],"about":[{"href":"https:\/\/pro-bit.biz\/en\/wp-json\/wp\/v2\/types\/page"}],"author":[{"embeddable":true,"href":"https:\/\/pro-bit.biz\/en\/wp-json\/wp\/v2\/users\/1"}],"replies":[{"embeddable":true,"href":"https:\/\/pro-bit.biz\/en\/wp-json\/wp\/v2\/comments?post=2003"}],"version-history":[{"count":24,"href":"https:\/\/pro-bit.biz\/en\/wp-json\/wp\/v2\/pages\/2003\/revisions"}],"predecessor-version":[{"id":8023,"href":"https:\/\/pro-bit.biz\/en\/wp-json\/wp\/v2\/pages\/2003\/revisions\/8023"}],"wp:attachment":[{"href":"https:\/\/pro-bit.biz\/en\/wp-json\/wp\/v2\/media?parent=2003"}],"curies":[{"name":"wp","href":"https:\/\/api.w.org\/{rel}","templated":true}]}}