{"id":6513,"date":"2021-08-19T13:38:32","date_gmt":"2021-08-19T11:38:32","guid":{"rendered":"https:\/\/dev.pro-bit.biz\/?page_id=6513"},"modified":"2022-07-21T09:20:01","modified_gmt":"2022-07-21T07:20:01","slug":"blog","status":"publish","type":"page","link":"https:\/\/pro-bit.biz\/en\/blog\/","title":{"rendered":"Novosti &#038; Doga\u0111aji"},"content":{"rendered":"<div data-elementor-type=\"wp-page\" data-elementor-id=\"6513\" class=\"elementor elementor-6513\">\n\t\t\t\t\t\t<section class=\"elementor-section elementor-top-section elementor-element elementor-element-0a50fa1 elementor-section-boxed elementor-section-height-default elementor-section-height-default\" data-id=\"0a50fa1\" data-element_type=\"section\">\n\t\t\t\t\t\t<div class=\"elementor-container elementor-column-gap-default\">\n\t\t\t\t\t<div class=\"elementor-column elementor-col-100 elementor-top-column elementor-element elementor-element-546401e\" data-id=\"546401e\" data-element_type=\"column\">\n\t\t\t<div class=\"elementor-widget-wrap elementor-element-populated\">\n\t\t\t\t\t\t<div class=\"elementor-element elementor-element-c7ee353 elementor-posts__hover-none elementor-grid-3 elementor-grid-tablet-2 elementor-grid-mobile-1 elementor-posts--thumbnail-top elementor-posts--show-avatar elementor-widget elementor-widget-posts\" data-id=\"c7ee353\" data-element_type=\"widget\" id=\"more-posts\" data-settings=\"{&quot;pagination_type&quot;:&quot;numbers_and_prev_next&quot;,&quot;cards_columns&quot;:&quot;3&quot;,&quot;cards_columns_tablet&quot;:&quot;2&quot;,&quot;cards_columns_mobile&quot;:&quot;1&quot;,&quot;cards_row_gap&quot;:{&quot;unit&quot;:&quot;px&quot;,&quot;size&quot;:35,&quot;sizes&quot;:[]},&quot;cards_row_gap_tablet&quot;:{&quot;unit&quot;:&quot;px&quot;,&quot;size&quot;:&quot;&quot;,&quot;sizes&quot;:[]},&quot;cards_row_gap_mobile&quot;:{&quot;unit&quot;:&quot;px&quot;,&quot;size&quot;:&quot;&quot;,&quot;sizes&quot;:[]}}\" data-widget_type=\"posts.cards\">\n\t\t\t\t<div class=\"elementor-widget-container\">\n\t\t\t\t\t<div class=\"elementor-posts-container elementor-posts elementor-posts--skin-cards elementor-grid\">\n\t\t\t\t<article class=\"elementor-post elementor-grid-item post-6526 post type-post status-publish format-standard hentry category-blog-sr category-novosti-i-dogadaji entry\">\n\t\t\t<div class=\"elementor-post__card\">\n\t\t\t\t<div class=\"elementor-post__text\">\n\t\t\t\t<h3 class=\"elementor-post__title\">\n\t\t\t<a href=\"https:\/\/pro-bit.biz\/en\/pro-bit_ucesnik_regionalnog-sajma-privrede-2021\/\" >\n\t\t\t\tPro-bit je bio u\u010desnik Regionalnog sajma privrede 2021\t\t\t<\/a>\n\t\t<\/h3>\n\t\t\t\t<div class=\"elementor-post__excerpt\">\n\t\t\t<p>Pro-Bit je i ove godine bio u\u010desnik 14. Regionalnog sajma privrede odr\u017eanog 30.09 i 01.10.21 u prostoru Kompleksa sportsko-rekreativnih bazena u Novoj Pazovi. Izlaga\u010di su bila najuspe\u0161nija preduze\u0107a i proizvo\u0111a\u010di<\/p>\n\t\t<\/div>\n\t\t\t\t\t<a class=\"elementor-post__read-more\" href=\"https:\/\/pro-bit.biz\/en\/pro-bit_ucesnik_regionalnog-sajma-privrede-2021\/\" >\n\t\t\t\tVi\u0161e \u00bb\t\t\t<\/a>\n\t\t\t\t<\/div>\n\t\t\t\t<div class=\"elementor-post__meta-data\">\n\t\t\t\t\t<span class=\"elementor-post-date\">\n\t\t\tAugust 19, 2021\t\t<\/span>\n\t\t\t\t<span class=\"elementor-post-avatar\">\n\t\t\tNo Comments\t\t<\/span>\n\t\t\t\t<\/div>\n\t\t\t\t\t<\/div>\n\t\t<\/article>\n\t\t\t\t<article class=\"elementor-post elementor-grid-item post-6077 post type-post status-publish format-standard hentry category-blog-sr category-novice-in-obvestila category-obavestenja entry\">\n\t\t\t<div class=\"elementor-post__card\">\n\t\t\t\t<div class=\"elementor-post__text\">\n\t\t\t\t<h3 class=\"elementor-post__title\">\n\t\t\t<a href=\"https:\/\/pro-bit.biz\/en\/kako-napraviti-imidz-firme-koja-ne-gresi\/\" >\n\t\t\t\tKako napraviti imid\u017e firme koja ne gre\u0161i! PRO.4 WORKFLOW\t\t\t<\/a>\n\t\t<\/h3>\n\t\t\t\t<div class=\"elementor-post__excerpt\">\n\t\t\t<p>\u00a0 \u00a0 \u00a0 \u00a0 \u00a0 \u00a0 \u00a0 \u00a0 \u00a0 \u00a0 \u00a0 \u00a0 \u00a0 \u00a0 \u00a0 \u00a0 \u00a0 \u00a0 \u00a0 \u00a0 \u00a0 \u00a0 Odobravanje nabavki!\u00a0 Veliko podru\u010dje koje je naj\u010de\u0161\u0107e pokriveno<\/p>\n\t\t<\/div>\n\t\t\t\t\t<a class=\"elementor-post__read-more\" href=\"https:\/\/pro-bit.biz\/en\/kako-napraviti-imidz-firme-koja-ne-gresi\/\" >\n\t\t\t\tVi\u0161e \u00bb\t\t\t<\/a>\n\t\t\t\t<\/div>\n\t\t\t\t<div class=\"elementor-post__meta-data\">\n\t\t\t\t\t<span class=\"elementor-post-date\">\n\t\t\tMarch 30, 2021\t\t<\/span>\n\t\t\t\t<span class=\"elementor-post-avatar\">\n\t\t\tNo Comments\t\t<\/span>\n\t\t\t\t<\/div>\n\t\t\t\t\t<\/div>\n\t\t<\/article>\n\t\t\t\t<article class=\"elementor-post elementor-grid-item post-6064 post type-post status-publish format-standard hentry category-blog-sr category-novice-in-obvestila entry\">\n\t\t\t<div class=\"elementor-post__card\">\n\t\t\t\t<div class=\"elementor-post__text\">\n\t\t\t\t<h3 class=\"elementor-post__title\">\n\t\t\t<a href=\"https:\/\/pro-bit.biz\/en\/pro-4erv_evidencija_radnog_vremena\/\" >\n\t\t\t\tPRO.4 ERV Evidencija radnog vremena\t\t\t<\/a>\n\t\t<\/h3>\n\t\t\t\t<div class=\"elementor-post__excerpt\">\n\t\t\t<p>Modul Pro.4 ERV je namenjen evidenciji radnog vremena zaposlenih po razli\u010ditim vrstama radnih doga\u0111aja . Modul Pro.4 ERV ima slede\u0107e funkcije: Evidencija podataka sa kompjutera, mobilnog telefona i \u010dita\u010da kartica<\/p>\n\t\t<\/div>\n\t\t\t\t\t<a class=\"elementor-post__read-more\" href=\"https:\/\/pro-bit.biz\/en\/pro-4erv_evidencija_radnog_vremena\/\" >\n\t\t\t\tVi\u0161e \u00bb\t\t\t<\/a>\n\t\t\t\t<\/div>\n\t\t\t\t<div class=\"elementor-post__meta-data\">\n\t\t\t\t\t<span class=\"elementor-post-date\">\n\t\t\tMarch 25, 2021\t\t<\/span>\n\t\t\t\t<span class=\"elementor-post-avatar\">\n\t\t\tNo Comments\t\t<\/span>\n\t\t\t\t<\/div>\n\t\t\t\t\t<\/div>\n\t\t<\/article>\n\t\t\t\t<article class=\"elementor-post elementor-grid-item post-6052 post type-post status-publish format-standard hentry category-blog-sr category-novice-in-obvestila entry\">\n\t\t\t<div class=\"elementor-post__card\">\n\t\t\t\t<div class=\"elementor-post__text\">\n\t\t\t\t<h3 class=\"elementor-post__title\">\n\t\t\t<a href=\"https:\/\/pro-bit.biz\/en\/crm_upravljanje_odnosima_sa_klijentima\/\" >\n\t\t\t\tCRM- upravljanje odnosima sa klijentima!\t\t\t<\/a>\n\t\t<\/h3>\n\t\t\t\t<div class=\"elementor-post__excerpt\">\n\t\t\t<p>Aktivnosti sa klijentima su klju\u010dni faktor u poslovanju svakog preduze\u0107a. Sve podatke o kupcima i prodajnim transakcijama koji su sa\u010duvani u rokovnicima, tabelama, mobilnim telefonima i na drugi na\u010din, potrebno<\/p>\n\t\t<\/div>\n\t\t\t\t\t<a class=\"elementor-post__read-more\" href=\"https:\/\/pro-bit.biz\/en\/crm_upravljanje_odnosima_sa_klijentima\/\" >\n\t\t\t\tVi\u0161e \u00bb\t\t\t<\/a>\n\t\t\t\t<\/div>\n\t\t\t\t<div class=\"elementor-post__meta-data\">\n\t\t\t\t\t<span class=\"elementor-post-date\">\n\t\t\tMarch 19, 2021\t\t<\/span>\n\t\t\t\t<span class=\"elementor-post-avatar\">\n\t\t\tNo Comments\t\t<\/span>\n\t\t\t\t<\/div>\n\t\t\t\t\t<\/div>\n\t\t<\/article>\n\t\t\t\t<article class=\"elementor-post elementor-grid-item post-6049 post type-post status-publish format-standard hentry category-blog-sr category-novice-in-obvestila category-novosti-i-dogadaji entry\">\n\t\t\t<div class=\"elementor-post__card\">\n\t\t\t\t<div class=\"elementor-post__text\">\n\t\t\t\t<h3 class=\"elementor-post__title\">\n\t\t\t<a href=\"https:\/\/pro-bit.biz\/en\/slanje_zahteva_za_podrsku_preko_forme\/\" >\n\t\t\t\tOBAVE\u0160TENJE KORISNICIMA PRO-BIT MODULA o opciji slanja zahteva za podr\u0161ku direktno preko forme za podno\u0161enje zahteva\t\t\t<\/a>\n\t\t<\/h3>\n\t\t\t\t<div class=\"elementor-post__excerpt\">\n\t\t\t<p>FORMA JE DOSTUPNA NA SAJTU OVDE Potrebno je popuniti sva polja koja su nazna\u010dena sa zvezdicom (*). Ovako popunjen zahtev bi\u0107e direktno upisan u na\u0161u iPodr\u0161ku. Ovim obezbe\u0111ujete br\u017ei kontakt<\/p>\n\t\t<\/div>\n\t\t\t\t\t<a class=\"elementor-post__read-more\" href=\"https:\/\/pro-bit.biz\/en\/slanje_zahteva_za_podrsku_preko_forme\/\" >\n\t\t\t\tVi\u0161e \u00bb\t\t\t<\/a>\n\t\t\t\t<\/div>\n\t\t\t\t<div class=\"elementor-post__meta-data\">\n\t\t\t\t\t<span class=\"elementor-post-date\">\n\t\t\tMarch 15, 2021\t\t<\/span>\n\t\t\t\t<span class=\"elementor-post-avatar\">\n\t\t\tNo Comments\t\t<\/span>\n\t\t\t\t<\/div>\n\t\t\t\t\t<\/div>\n\t\t<\/article>\n\t\t\t\t<article class=\"elementor-post elementor-grid-item post-5994 post type-post status-publish format-standard hentry category-blog-sr category-novice-in-obvestila entry\">\n\t\t\t<div class=\"elementor-post__card\">\n\t\t\t\t<div class=\"elementor-post__text\">\n\t\t\t\t<h3 class=\"elementor-post__title\">\n\t\t\t<a href=\"https:\/\/pro-bit.biz\/en\/cloud_program_za_profesionalno_upravljanje_odrzavanje_zgrada\/\" >\n\t\t\t\tPro.4 Cloud program za profesionalno upravljanje i odr\u017eavanje zgrada\t\t\t<\/a>\n\t\t<\/h3>\n\t\t\t\t<div class=\"elementor-post__excerpt\">\n\t\t\t<p>Obezbedite jednostavno i lako upravljanje i odr\u017eavanje zgrada! Vodite evidenciju svih stanova, lokala, gara\u017ea, vlasnika i zakupaca, kvadrature, broja stanara kao i ostalih tehni\u010dkih karakteristika Jednostavno pratite poslove na odr\u017eavanju<\/p>\n\t\t<\/div>\n\t\t\t\t\t<a class=\"elementor-post__read-more\" href=\"https:\/\/pro-bit.biz\/en\/cloud_program_za_profesionalno_upravljanje_odrzavanje_zgrada\/\" >\n\t\t\t\tVi\u0161e \u00bb\t\t\t<\/a>\n\t\t\t\t<\/div>\n\t\t\t\t<div class=\"elementor-post__meta-data\">\n\t\t\t\t\t<span class=\"elementor-post-date\">\n\t\t\tMarch 8, 2021\t\t<\/span>\n\t\t\t\t<span class=\"elementor-post-avatar\">\n\t\t\tNo Comments\t\t<\/span>\n\t\t\t\t<\/div>\n\t\t\t\t\t<\/div>\n\t\t<\/article>\n\t\t\t\t<\/div>\n\n\n\t\t\n\t\t\t\t<div class=\"e-load-more-anchor\" data-page=\"1\" data-max-page=\"2\" data-next-page=\"https:\/\/pro-bit.biz\/en\/wp-json\/wp\/v2\/pages\/6513\/page\/2\/\"><\/div>\n\t\t\t\t<nav class=\"elementor-pagination\" role=\"navigation\" aria-label=\"Pagination\">\n\t\t\t<span class=\"page-numbers prev\"><<\/span>\n<span aria-current=\"page\" class=\"page-numbers current\"><span class=\"elementor-screen-only\">Page<\/span>1<\/span>\n<a class=\"page-numbers\" href=\"https:\/\/pro-bit.biz\/en\/wp-json\/wp\/v2\/pages\/6513\/page\/2\/\"><span class=\"elementor-screen-only\">Page<\/span>2<\/a>\n<a class=\"page-numbers next\" href=\"https:\/\/pro-bit.biz\/en\/wp-json\/wp\/v2\/pages\/6513\/page\/2\/\">><\/a>\t\t<\/nav>\n\t\t\t\t<\/div>\n\t\t\t\t<\/div>\n\t\t\t\t\t<\/div>\n\t\t<\/div>\n\t\t\t\t\t<\/div>\n\t\t<\/section>\n\t\t\t\t<section class=\"elementor-section elementor-top-section elementor-element elementor-element-967577b elementor-section-boxed elementor-section-height-default elementor-section-height-default\" data-id=\"967577b\" data-element_type=\"section\">\n\t\t\t\t\t\t<div class=\"elementor-container elementor-column-gap-default\">\n\t\t\t\t\t<div class=\"elementor-column elementor-col-100 elementor-top-column elementor-element elementor-element-b62d206\" data-id=\"b62d206\" data-element_type=\"column\">\n\t\t\t<div class=\"elementor-widget-wrap elementor-element-populated\">\n\t\t\t\t\t\t<div class=\"elementor-element elementor-element-2db8696 elementor-widget elementor-widget-html\" data-id=\"2db8696\" data-element_type=\"widget\" data-widget_type=\"html.default\">\n\t\t\t\t<div class=\"elementor-widget-container\">\n\t\t\t<script>\r\n\/\/ ul[data-group='Companies'] li[data-company='Microsoft']\" data-post-category=\"novosti\"\r\njQuery('div[data-post-category=\"novosti\"] .elementor-pagination').find('a').each(function() {\r\n\tvar url=jQuery(this).attr('href');\r\n\tvar pieces = url.split(\"\/\"); \r\n\tconsole.log(pieces);\r\n\tvar newhrf = window.location.origin+'\/'+pieces[3]+'\/'+pieces[4]+'\/page\/'+pieces[5]; \r\n\tconsole.log('this');\r\n\tconsole.dir(this);\r\n\tjQuery(this).attr('href',newhrf);\r\n\tconsole.log(\"href >> \"+ newhrf);\r\n\tconsole.log(\"a with newhrf\");\r\n\tconsole.dir(this);\r\n});\r\n<\/script>\t\t<\/div>\n\t\t\t\t<\/div>\n\t\t\t\t\t<\/div>\n\t\t<\/div>\n\t\t\t\t\t<\/div>\n\t\t<\/section>\n\t\t\t\t<section class=\"elementor-section elementor-top-section elementor-element elementor-element-70cc536 elementor-section-boxed elementor-section-height-default elementor-section-height-default\" data-id=\"70cc536\" data-element_type=\"section\">\n\t\t\t\t\t\t<div class=\"elementor-container elementor-column-gap-default\">\n\t\t\t\t\t<div class=\"elementor-column elementor-col-100 elementor-top-column elementor-element elementor-element-c586d34\" data-id=\"c586d34\" data-element_type=\"column\">\n\t\t\t<div class=\"elementor-widget-wrap\">\n\t\t\t\t\t\t\t<\/div>\n\t\t<\/div>\n\t\t\t\t\t<\/div>\n\t\t<\/section>\n\t\t\t\t<\/div>","protected":false},"excerpt":{"rendered":"<p>Blog PB Ne spreglejte najnovej\u0161ih Pro-bitovih novic in informacij, s katerimi vas obve\u0161\u010damo o aktualnih zadevah in spremembah. NOVICE PRIJAVITE SE NA NA\u0160E NOVICE Bodite v koraku s \u010dasom. Prijavite [&hellip;]<\/p>","protected":false},"author":1,"featured_media":0,"parent":0,"menu_order":0,"comment_status":"closed","ping_status":"closed","template":"elementor_header_footer","meta":{"inline_featured_image":false,"_price":"","_stock":"","_tribe_ticket_header":"","_tribe_default_ticket_provider":"Tribe__Tickets__Commerce__PayPal__Main","_tribe_ticket_capacity":"0","_ticket_start_date":"","_ticket_end_date":"","_tribe_ticket_show_description":"","_tribe_ticket_show_not_going":false,"_tribe_ticket_use_global_stock":"","_tribe_ticket_global_stock_level":"","_global_stock_mode":"","_global_stock_cap":"","_tribe_rsvp_for_event":"","_tribe_ticket_going_count":"","_tribe_ticket_not_going_count":"","_tribe_tickets_list":"[]","_tribe_ticket_has_attendee_info_fields":false,"_EventAllDay":false,"_EventTimezone":"","_EventStartDate":"","_EventEndDate":"","_EventStartDateUTC":"","_EventEndDateUTC":"","_EventShowMap":false,"_EventShowMapLink":false,"_EventURL":"","_EventCost":"","_EventCostDescription":"","_EventCurrencySymbol":"","_EventCurrencyCode":"","_EventCurrencyPosition":"","_EventDateTimeSeparator":"","_EventTimeRangeSeparator":"","_EventOrganizerID":[],"_EventVenueID":[],"_OrganizerEmail":"","_OrganizerPhone":"","_OrganizerWebsite":"","_VenueAddress":"","_VenueCity":"","_VenueCountry":"","_VenueProvince":"","_VenueState":"","_VenueZip":"","_VenuePhone":"","_VenueURL":"","_VenueStateProvince":"","_VenueLat":"","_VenueLng":"","_VenueShowMap":false,"_VenueShowMapLink":false,"ocean_post_layout":"","ocean_both_sidebars_style":"","ocean_both_sidebars_content_width":0,"ocean_both_sidebars_sidebars_width":0,"ocean_sidebar":"0","ocean_second_sidebar":"0","ocean_disable_margins":"enable","ocean_add_body_class":"","ocean_shortcode_before_top_bar":"","ocean_shortcode_after_top_bar":"","ocean_shortcode_before_header":"","ocean_shortcode_after_header":"","ocean_has_shortcode":"","ocean_shortcode_after_title":"","ocean_shortcode_before_footer_widgets":"","ocean_shortcode_after_footer_widgets":"","ocean_shortcode_before_footer_bottom":"","ocean_shortcode_after_footer_bottom":"","ocean_display_top_bar":"default","ocean_display_header":"default","ocean_header_style":"","ocean_center_header_left_menu":"0","ocean_custom_header_template":"0","ocean_custom_logo":0,"ocean_custom_retina_logo":0,"ocean_custom_logo_max_width":0,"ocean_custom_logo_tablet_max_width":0,"ocean_custom_logo_mobile_max_width":0,"ocean_custom_logo_max_height":0,"ocean_custom_logo_tablet_max_height":0,"ocean_custom_logo_mobile_max_height":0,"ocean_header_custom_menu":"65","ocean_menu_typo_font_family":"0","ocean_menu_typo_font_subset":"","ocean_menu_typo_font_size":0,"ocean_menu_typo_font_size_tablet":0,"ocean_menu_typo_font_size_mobile":0,"ocean_menu_typo_font_size_unit":"px","ocean_menu_typo_font_weight":"","ocean_menu_typo_font_weight_tablet":"","ocean_menu_typo_font_weight_mobile":"","ocean_menu_typo_transform":"","ocean_menu_typo_transform_tablet":"","ocean_menu_typo_transform_mobile":"","ocean_menu_typo_line_height":0,"ocean_menu_typo_line_height_tablet":0,"ocean_menu_typo_line_height_mobile":0,"ocean_menu_typo_line_height_unit":"","ocean_menu_typo_spacing":0,"ocean_menu_typo_spacing_tablet":0,"ocean_menu_typo_spacing_mobile":0,"ocean_menu_typo_spacing_unit":"","ocean_menu_link_color":"","ocean_menu_link_color_hover":"","ocean_menu_link_color_active":"","ocean_menu_link_background":"","ocean_menu_link_hover_background":"","ocean_menu_link_active_background":"","ocean_menu_social_links_bg":"","ocean_menu_social_hover_links_bg":"","ocean_menu_social_links_color":"","ocean_menu_social_hover_links_color":"","ocean_disable_title":"default","ocean_disable_heading":"default","ocean_post_title":"","ocean_post_subheading":"","ocean_post_title_style":"","ocean_post_title_background_color":"","ocean_post_title_background":0,"ocean_post_title_bg_image_position":"","ocean_post_title_bg_image_attachment":"","ocean_post_title_bg_image_repeat":"","ocean_post_title_bg_image_size":"","ocean_post_title_height":0,"ocean_post_title_bg_overlay":0.5,"ocean_post_title_bg_overlay_color":"","ocean_disable_breadcrumbs":"default","ocean_breadcrumbs_color":"","ocean_breadcrumbs_separator_color":"","ocean_breadcrumbs_links_color":"","ocean_breadcrumbs_links_hover_color":"","ocean_display_footer_widgets":"default","ocean_display_footer_bottom":"default","ocean_custom_footer_template":"0","footnotes":""},"yoast_head":"<!-- This site is optimized with the Yoast SEO plugin v22.8 - https:\/\/yoast.com\/wordpress\/plugins\/seo\/ -->\n<title>Novosti &amp; Doga\u0111aji - Pro-Bit Beograd d.o.o. - RE\u0160ENJA, KOJA RASTU SA VAMA<\/title>\n<meta name=\"robots\" content=\"index, follow, max-snippet:-1, max-image-preview:large, max-video-preview:-1\" \/>\n<link rel=\"canonical\" href=\"https:\/\/pro-bit.biz\/en\/blog\/\" \/>\n<meta property=\"og:locale\" content=\"en_GB\" \/>\n<meta property=\"og:type\" content=\"article\" \/>\n<meta property=\"og:title\" content=\"Novosti &amp; Doga\u0111aji - Pro-Bit Beograd d.o.o. - RE\u0160ENJA, KOJA RASTU SA VAMA\" \/>\n<meta property=\"og:description\" content=\"Blog PB Ne spreglejte najnovej\u0161ih Pro-bitovih novic in informacij, s katerimi vas obve\u0161\u010damo o aktualnih zadevah in spremembah. NOVICE PRIJAVITE SE NA NA\u0160E NOVICE Bodite v koraku s \u010dasom. Prijavite [&hellip;]\" \/>\n<meta property=\"og:url\" content=\"https:\/\/pro-bit.biz\/en\/blog\/\" \/>\n<meta property=\"og:site_name\" content=\"Pro-Bit Beograd d.o.o. - RE\u0160ENJA, KOJA RASTU SA VAMA\" \/>\n<meta property=\"article:publisher\" content=\"https:\/\/www.facebook.com\/Probit2020\/\" \/>\n<meta property=\"article:modified_time\" content=\"2022-07-21T07:20:01+00:00\" \/>\n<meta property=\"og:image\" content=\"https:\/\/pro-bit.biz\/wp-content\/uploads\/2020\/02\/Component-7-\u2013-1.png\" \/>\n<meta name=\"twitter:card\" content=\"summary_large_image\" \/>\n<meta name=\"twitter:label1\" content=\"Estimated reading time\" \/>\n\t<meta name=\"twitter:data1\" content=\"6 minutes\" \/>\n<script type=\"application\/ld+json\" class=\"yoast-schema-graph\">{\"@context\":\"https:\/\/schema.org\",\"@graph\":[{\"@type\":\"WebPage\",\"@id\":\"https:\/\/pro-bit.biz\/blog\/\",\"url\":\"https:\/\/pro-bit.biz\/blog\/\",\"name\":\"Novosti & Doga\u0111aji - Pro-Bit Beograd d.o.o. - RE\u0160ENJA, KOJA RASTU SA VAMA\",\"isPartOf\":{\"@id\":\"https:\/\/pro-bit.biz\/sr\/#website\"},\"datePublished\":\"2021-08-19T11:38:32+00:00\",\"dateModified\":\"2022-07-21T07:20:01+00:00\",\"breadcrumb\":{\"@id\":\"https:\/\/pro-bit.biz\/blog\/#breadcrumb\"},\"inLanguage\":\"en-GB\",\"potentialAction\":[{\"@type\":\"ReadAction\",\"target\":[\"https:\/\/pro-bit.biz\/blog\/\"]}]},{\"@type\":\"BreadcrumbList\",\"@id\":\"https:\/\/pro-bit.biz\/blog\/#breadcrumb\",\"itemListElement\":[{\"@type\":\"ListItem\",\"position\":1,\"name\":\"Home\",\"item\":\"https:\/\/pro-bit.biz\/\"},{\"@type\":\"ListItem\",\"position\":2,\"name\":\"Novosti &#038; Doga\u0111aji\"}]},{\"@type\":\"WebSite\",\"@id\":\"https:\/\/pro-bit.biz\/sr\/#website\",\"url\":\"https:\/\/pro-bit.biz\/sr\/\",\"name\":\"Pro-Bit\",\"description\":\"U preduze\u0107u Pro-bit Beograd d.o.o. bavimo se celovitim re\u0161enjima na polju informatike. Na\u0161a ponuda uklju\u010duje sve potrebno za izgradnju celovitih informacionih sistema.\",\"publisher\":{\"@id\":\"https:\/\/pro-bit.biz\/sr\/#organization\"},\"potentialAction\":[{\"@type\":\"SearchAction\",\"target\":{\"@type\":\"EntryPoint\",\"urlTemplate\":\"https:\/\/pro-bit.biz\/sr\/?s={search_term_string}\"},\"query-input\":\"required name=search_term_string\"}],\"inLanguage\":\"en-GB\"},{\"@type\":\"Organization\",\"@id\":\"https:\/\/pro-bit.biz\/sr\/#organization\",\"name\":\"Pro-Bit\",\"url\":\"https:\/\/pro-bit.biz\/sr\/\",\"logo\":{\"@type\":\"ImageObject\",\"inLanguage\":\"en-GB\",\"@id\":\"https:\/\/pro-bit.biz\/sr\/#\/schema\/logo\/image\/\",\"url\":\"https:\/\/dev.pro-bit.biz\/wp-content\/uploads\/2020\/05\/faviconpb2.png\",\"contentUrl\":\"https:\/\/dev.pro-bit.biz\/wp-content\/uploads\/2020\/05\/faviconpb2.png\",\"width\":512,\"height\":512,\"caption\":\"Pro-Bit\"},\"image\":{\"@id\":\"https:\/\/pro-bit.biz\/sr\/#\/schema\/logo\/image\/\"},\"sameAs\":[\"https:\/\/www.facebook.com\/Probit2020\/\",\"https:\/\/www.linkedin.com\/company\/pro-bit-programska-oprema-d-o-o-\/\"]}]}<\/script>\n<!-- \/ Yoast SEO plugin. -->","yoast_head_json":{"title":"Novosti & Doga\u0111aji - Pro-Bit Beograd d.o.o. - RE\u0160ENJA, KOJA RASTU SA VAMA","robots":{"index":"index","follow":"follow","max-snippet":"max-snippet:-1","max-image-preview":"max-image-preview:large","max-video-preview":"max-video-preview:-1"},"canonical":"https:\/\/pro-bit.biz\/en\/blog\/","og_locale":"en_GB","og_type":"article","og_title":"Novosti & Doga\u0111aji - Pro-Bit Beograd d.o.o. - RE\u0160ENJA, KOJA RASTU SA VAMA","og_description":"Blog PB Ne spreglejte najnovej\u0161ih Pro-bitovih novic in informacij, s katerimi vas obve\u0161\u010damo o aktualnih zadevah in spremembah. NOVICE PRIJAVITE SE NA NA\u0160E NOVICE Bodite v koraku s \u010dasom. Prijavite [&hellip;]","og_url":"https:\/\/pro-bit.biz\/en\/blog\/","og_site_name":"Pro-Bit Beograd d.o.o. - RE\u0160ENJA, KOJA RASTU SA VAMA","article_publisher":"https:\/\/www.facebook.com\/Probit2020\/","article_modified_time":"2022-07-21T07:20:01+00:00","og_image":[{"url":"https:\/\/pro-bit.biz\/wp-content\/uploads\/2020\/02\/Component-7-\u2013-1.png"}],"twitter_card":"summary_large_image","twitter_misc":{"Estimated reading time":"6 minutes"},"schema":{"@context":"https:\/\/schema.org","@graph":[{"@type":"WebPage","@id":"https:\/\/pro-bit.biz\/blog\/","url":"https:\/\/pro-bit.biz\/blog\/","name":"Novosti & Doga\u0111aji - Pro-Bit Beograd d.o.o. - RE\u0160ENJA, KOJA RASTU SA VAMA","isPartOf":{"@id":"https:\/\/pro-bit.biz\/sr\/#website"},"datePublished":"2021-08-19T11:38:32+00:00","dateModified":"2022-07-21T07:20:01+00:00","breadcrumb":{"@id":"https:\/\/pro-bit.biz\/blog\/#breadcrumb"},"inLanguage":"en-GB","potentialAction":[{"@type":"ReadAction","target":["https:\/\/pro-bit.biz\/blog\/"]}]},{"@type":"BreadcrumbList","@id":"https:\/\/pro-bit.biz\/blog\/#breadcrumb","itemListElement":[{"@type":"ListItem","position":1,"name":"Home","item":"https:\/\/pro-bit.biz\/"},{"@type":"ListItem","position":2,"name":"Novosti &#038; Doga\u0111aji"}]},{"@type":"WebSite","@id":"https:\/\/pro-bit.biz\/sr\/#website","url":"https:\/\/pro-bit.biz\/sr\/","name":"Pro-Bit","description":"U preduze\u0107u Pro-bit Beograd d.o.o. bavimo se celovitim re\u0161enjima na polju informatike. Na\u0161a ponuda uklju\u010duje sve potrebno za izgradnju celovitih informacionih sistema.","publisher":{"@id":"https:\/\/pro-bit.biz\/sr\/#organization"},"potentialAction":[{"@type":"SearchAction","target":{"@type":"EntryPoint","urlTemplate":"https:\/\/pro-bit.biz\/sr\/?s={search_term_string}"},"query-input":"required name=search_term_string"}],"inLanguage":"en-GB"},{"@type":"Organization","@id":"https:\/\/pro-bit.biz\/sr\/#organization","name":"Pro-Bit","url":"https:\/\/pro-bit.biz\/sr\/","logo":{"@type":"ImageObject","inLanguage":"en-GB","@id":"https:\/\/pro-bit.biz\/sr\/#\/schema\/logo\/image\/","url":"https:\/\/dev.pro-bit.biz\/wp-content\/uploads\/2020\/05\/faviconpb2.png","contentUrl":"https:\/\/dev.pro-bit.biz\/wp-content\/uploads\/2020\/05\/faviconpb2.png","width":512,"height":512,"caption":"Pro-Bit"},"image":{"@id":"https:\/\/pro-bit.biz\/sr\/#\/schema\/logo\/image\/"},"sameAs":["https:\/\/www.facebook.com\/Probit2020\/","https:\/\/www.linkedin.com\/company\/pro-bit-programska-oprema-d-o-o-\/"]}]}},"ticketed":false,"_links":{"self":[{"href":"https:\/\/pro-bit.biz\/en\/wp-json\/wp\/v2\/pages\/6513"}],"collection":[{"href":"https:\/\/pro-bit.biz\/en\/wp-json\/wp\/v2\/pages"}],"about":[{"href":"https:\/\/pro-bit.biz\/en\/wp-json\/wp\/v2\/types\/page"}],"author":[{"embeddable":true,"href":"https:\/\/pro-bit.biz\/en\/wp-json\/wp\/v2\/users\/1"}],"replies":[{"embeddable":true,"href":"https:\/\/pro-bit.biz\/en\/wp-json\/wp\/v2\/comments?post=6513"}],"version-history":[{"count":213,"href":"https:\/\/pro-bit.biz\/en\/wp-json\/wp\/v2\/pages\/6513\/revisions"}],"predecessor-version":[{"id":7849,"href":"https:\/\/pro-bit.biz\/en\/wp-json\/wp\/v2\/pages\/6513\/revisions\/7849"}],"wp:attachment":[{"href":"https:\/\/pro-bit.biz\/en\/wp-json\/wp\/v2\/media?parent=6513"}],"curies":[{"name":"wp","href":"https:\/\/api.w.org\/{rel}","templated":true}]}}